{"id":48129,"date":"2023-10-18T15:24:52","date_gmt":"2023-10-18T15:24:52","guid":{"rendered":"http:\/\/ikz.emg.mybluehost.me\/?page_id=48129"},"modified":"2024-01-10T15:03:26","modified_gmt":"2024-01-10T15:03:26","slug":"maria-pappas","status":"publish","type":"page","link":"https:\/\/scrantonlawfirm.com\/es\/maria-pappas\/","title":{"rendered":"Mar\u00eda Pappas"},"content":{"rendered":"<div data-elementor-type=\"wp-page\" data-elementor-id=\"48129\" class=\"elementor elementor-48129\" data-elementor-post-type=\"page\">\n\t\t\t\t\t\t<section class=\"elementor-section elementor-top-section elementor-element elementor-element-6aa0e81 elementor-section-boxed elementor-section-height-default elementor-section-height-default\" data-id=\"6aa0e81\" data-element_type=\"section\" data-e-type=\"section\">\n\t\t\t\t\t\t<div class=\"elementor-container elementor-column-gap-default\">\n\t\t\t\t\t<div class=\"elementor-column elementor-col-100 elementor-top-column elementor-element elementor-element-3284e2d\" data-id=\"3284e2d\" data-element_type=\"column\" data-e-type=\"column\">\n\t\t\t<div class=\"elementor-widget-wrap elementor-element-populated\">\n\t\t\t\t\t\t<div class=\"elementor-element elementor-element-3c2952c elementor-widget elementor-widget-heading\" data-id=\"3c2952c\" data-element_type=\"widget\" data-e-type=\"widget\" data-widget_type=\"heading.default\">\n\t\t\t\t<div class=\"elementor-widget-container\">\n\t\t\t\t\t<h1 class=\"elementor-heading-title elementor-size-default\">Maria Pappas-Rajotte<\/h1>\t\t\t\t<\/div>\n\t\t\t\t<\/div>\n\t\t\t\t<div class=\"elementor-element elementor-element-ae68b94 elementor-widget elementor-widget-heading\" data-id=\"ae68b94\" data-element_type=\"widget\" data-e-type=\"widget\" data-widget_type=\"heading.default\">\n\t\t\t\t<div class=\"elementor-widget-container\">\n\t\t\t\t\t<h2 class=\"elementor-heading-title elementor-size-default\">Abogado<\/h2>\t\t\t\t<\/div>\n\t\t\t\t<\/div>\n\t\t\t\t<section class=\"elementor-section elementor-inner-section elementor-element elementor-element-11962f0 elementor-section-content-middle elementor-section-full_width elementor-section-height-default elementor-section-height-default\" data-id=\"11962f0\" data-element_type=\"section\" data-e-type=\"section\">\n\t\t\t\t\t\t<div class=\"elementor-container elementor-column-gap-default\">\n\t\t\t\t\t<div class=\"elementor-column elementor-col-100 elementor-inner-column elementor-element elementor-element-f7e6609\" data-id=\"f7e6609\" data-element_type=\"column\" data-e-type=\"column\">\n\t\t\t<div class=\"elementor-widget-wrap elementor-element-populated\">\n\t\t\t\t\t\t<div class=\"elementor-element elementor-element-1885f61 elementor-widget elementor-widget-video\" data-id=\"1885f61\" data-element_type=\"widget\" data-e-type=\"widget\" data-settings=\"{&quot;youtube_url&quot;:&quot;https:\\\/\\\/www.youtube.com\\\/watch?v=RAsO0T-nAqY&amp;list=PLbTtzkIWedatOCgHKyIkcXlTAzaPdE9cL&amp;index=3&quot;,&quot;video_type&quot;:&quot;youtube&quot;,&quot;controls&quot;:&quot;yes&quot;}\" data-widget_type=\"video.default\">\n\t\t\t\t<div class=\"elementor-widget-container\">\n\t\t\t\t\t\t\t<div class=\"elementor-wrapper elementor-open-inline\">\n\t\t\t<div class=\"elementor-video\"><\/div>\t\t<\/div>\n\t\t\t\t\t\t<\/div>\n\t\t\t\t<\/div>\n\t\t\t\t<div class=\"elementor-element elementor-element-ef4ac14 elementor-widget elementor-widget-text-editor\" data-id=\"ef4ac14\" data-element_type=\"widget\" data-e-type=\"widget\" data-widget_type=\"text-editor.default\">\n\t\t\t\t<div class=\"elementor-widget-container\">\n\t\t\t\t\t\t\t\t\t<p>Desde el coraz\u00f3n de California hasta los salones acad\u00e9micos, Mar\u00eda ha construido una impresionante carrera de m\u00e1s de 30 a\u00f1os en el campo legal. Con una combinaci\u00f3n de destreza en litigios, contribuciones acad\u00e9micas y experiencia en gesti\u00f3n, su trayectoria refleja el esp\u00edritu de diligencia, integridad y excelencia.<\/p>\n<div>\n<\/div>\n<div>\n<p>Despu\u00e9s de ser admitida en el Colegio de Abogados de California en diciembre de 2010, ella<b>&nbsp;<\/b>Ha dedicado m\u00e1s de una d\u00e9cada a especializarse en asuntos de lesiones personales para demandantes. Su experiencia abarca desde accidentes de veh\u00edculos motorizados y responsabilidad de establecimientos hasta casos complejos que involucran responsabilidad penal de terceros, responsabilidad de productos y negligencia m\u00e9dica.<\/p>\n<\/div>\n<div>\n<\/div>\n<div>\n<p>Adem\u00e1s de su carrera en litigios, su trayectoria profesional dio un giro hacia la academia. Mar\u00eda se desempe\u00f1\u00f3 como profesora adjunta de redacci\u00f3n jur\u00eddica en la Universidad John F. Kennedy, donde perfeccion\u00f3 las habilidades de escritura de los estudiantes de primer a\u00f1o de derecho, inculc\u00e1ndoles los principios de un an\u00e1lisis jur\u00eddico agudo y una articulaci\u00f3n clara.<\/p>\n<\/div>\n<div>\n<\/div>\n<div>\n<p>Pero el camino legal comenz\u00f3 mucho antes de su \u00e9poca como maestra o de su admisi\u00f3n formal al Colegio de Abogados. De 2007 a 2010, Mar\u00eda trabaj\u00f3 en varias firmas en East Bay como Asistente Legal Contratada, Pasante de Derecho y Abogada. Estos roles la vieron profundamente involucrada en la redacci\u00f3n de documentos de litigio, la realizaci\u00f3n de entrevistas a clientes y la asistencia en etapas cruciales de negociaciones de acuerdos, deposiciones y preparativos para juicios.<\/p>\n<\/div>\n<div>\n<\/div>\n<div>\n<p>Los talentos gerenciales de la abogada salieron a la luz durante su per\u00edodo en Thelen Reid &amp; Priest LLP en San Francisco. Como Gerente de Asistentes Legales, Mar\u00eda asumi\u00f3 la importante responsabilidad de gestionar hasta 50 asistentes legales. Desde la contrataci\u00f3n hasta la capacitaci\u00f3n y desde la asignaci\u00f3n de recursos hasta la elaboraci\u00f3n de presupuestos,&nbsp;<b>sus<\/b>&nbsp;su papel fue fundamental para optimizar los procesos y mejorar la eficiencia del departamento.<\/p>\n<\/div>\n<div>\n<\/div>\n<div>\n<p>Antes de este puesto directivo, Mar\u00eda adquiri\u00f3 una considerable experiencia trabajando en complejos litigios en Becherer, Kannett &amp; Schweitzer y Bergstrom &amp; Feldman, donde sus responsabilidades abarcaban desde la gesti\u00f3n de expedientes, la asistencia a declaraciones, el manejo de asuntos de descubrimiento y la realizaci\u00f3n de entrevistas a potenciales testigos.<\/p>\n<\/div>\n<div>\n<\/div>\n<div>\n<p>Las credenciales acad\u00e9micas de Mar\u00eda son igualmente encomiables. Obtuvo su Juris Doctor de la Facultad de Derecho de la John F. Kennedy University en Pleasant Hill, California, en 2010. El compromiso de Mar\u00eda con la excelencia fue reconocido cuando se le otorg\u00f3 el Witkin Award en Torts y Community Property. Adem\u00e1s, sus contribuciones acad\u00e9micas fueron evidentes cuando form\u00f3 parte de la John F. Kennedy University Law Review en 2009. Su base legal se consolid\u00f3 a\u00fan m\u00e1s con un Certificado de Asistente Legal del St. Mary's College en Moraga, California, en 1994.<\/p>\n<\/div>\n<div>\n<\/div>\n<p>Esta biograf\u00eda resume un viaje de dedicaci\u00f3n, perseverancia y contribuciones al campo legal. Su vasta experiencia, desde litigios y docencia hasta gesti\u00f3n, demuestra la versatilidad y el compromiso de Mar\u00eda con el mundo del derecho.<\/p>\t\t\t\t\t\t\t\t<\/div>\n\t\t\t\t<\/div>\n\t\t\t\t<div class=\"elementor-element elementor-element-9d3d499 e-grid-align-left elementor-shape-rounded elementor-grid-0 elementor-widget elementor-widget-social-icons\" data-id=\"9d3d499\" data-element_type=\"widget\" data-e-type=\"widget\" data-widget_type=\"social-icons.default\">\n\t\t\t\t<div class=\"elementor-widget-container\">\n\t\t\t\t\t\t\t<div class=\"elementor-social-icons-wrapper elementor-grid\">\n\t\t\t\t\t\t\t<span class=\"elementor-grid-item\">\n\t\t\t\t\t<a class=\"elementor-icon elementor-social-icon elementor-social-icon-envelope elementor-animation-grow elementor-repeater-item-90640c0\" href=\"mailto:%20mariap@scrantonlawfirm.com\" target=\"_blank\">\n\t\t\t\t\t\t<span class=\"elementor-screen-only\">Sobre<\/span>\n\t\t\t\t\t\t<i aria-hidden=\"true\" class=\"far fa-envelope\"><\/i>\t\t\t\t\t<\/a>\n\t\t\t\t<\/span>\n\t\t\t\t\t<\/div>\n\t\t\t\t\t\t<\/div>\n\t\t\t\t<\/div>\n\t\t\t\t\t<\/div>\n\t\t<\/div>\n\t\t\t\t\t<\/div>\n\t\t<\/section>\n\t\t\t\t<section class=\"elementor-section elementor-inner-section elementor-element elementor-element-8d770ff elementor-section-full_width elementor-section-height-default elementor-section-height-default\" data-id=\"8d770ff\" data-element_type=\"section\" data-e-type=\"section\">\n\t\t\t\t\t\t<div class=\"elementor-container elementor-column-gap-default\">\n\t\t\t\t\t<div class=\"elementor-column elementor-col-33 elementor-inner-column elementor-element elementor-element-ab11d97\" data-id=\"ab11d97\" data-element_type=\"column\" data-e-type=\"column\">\n\t\t\t<div class=\"elementor-widget-wrap elementor-element-populated\">\n\t\t\t\t\t\t<div class=\"elementor-element elementor-element-c855f3d elementor-align-left elementor-mobile-align-justify elementor-widget elementor-widget-button\" data-id=\"c855f3d\" data-element_type=\"widget\" data-e-type=\"widget\" data-widget_type=\"button.default\">\n\t\t\t\t<div class=\"elementor-widget-container\">\n\t\t\t\t\t\t\t\t\t<div class=\"elementor-button-wrapper\">\n\t\t\t\t\t<a class=\"elementor-button elementor-button-link elementor-size-xs\" href=\"\/es\/el-equipo\/abogados\/\">\n\t\t\t\t\t\t<span class=\"elementor-button-content-wrapper\">\n\t\t\t\t\t\t\t\t\t<span class=\"elementor-button-text\">Nuestros abogados<\/span>\n\t\t\t\t\t<\/span>\n\t\t\t\t\t<\/a>\n\t\t\t\t<\/div>\n\t\t\t\t\t\t\t\t<\/div>\n\t\t\t\t<\/div>\n\t\t\t\t\t<\/div>\n\t\t<\/div>\n\t\t\t\t<div class=\"elementor-column elementor-col-33 elementor-inner-column elementor-element elementor-element-34344aa\" data-id=\"34344aa\" data-element_type=\"column\" data-e-type=\"column\">\n\t\t\t<div class=\"elementor-widget-wrap elementor-element-populated\">\n\t\t\t\t\t\t<div class=\"elementor-element elementor-element-f09b7a1 elementor-align-center elementor-mobile-align-justify elementor-widget elementor-widget-button\" data-id=\"f09b7a1\" data-element_type=\"widget\" data-e-type=\"widget\" data-widget_type=\"button.default\">\n\t\t\t\t<div class=\"elementor-widget-container\">\n\t\t\t\t\t\t\t\t\t<div class=\"elementor-button-wrapper\">\n\t\t\t\t\t<a class=\"elementor-button elementor-button-link elementor-size-xs\" href=\"\/es\/asistentes-legales\/\">\n\t\t\t\t\t\t<span class=\"elementor-button-content-wrapper\">\n\t\t\t\t\t\t\t\t\t<span class=\"elementor-button-text\">Nuestros asistentes legales<\/span>\n\t\t\t\t\t<\/span>\n\t\t\t\t\t<\/a>\n\t\t\t\t<\/div>\n\t\t\t\t\t\t\t\t<\/div>\n\t\t\t\t<\/div>\n\t\t\t\t\t<\/div>\n\t\t<\/div>\n\t\t\t\t<div class=\"elementor-column elementor-col-33 elementor-inner-column elementor-element elementor-element-f96a267\" data-id=\"f96a267\" data-element_type=\"column\" data-e-type=\"column\">\n\t\t\t<div class=\"elementor-widget-wrap elementor-element-populated\">\n\t\t\t\t\t\t<div class=\"elementor-element elementor-element-55e2bcb elementor-align-right elementor-mobile-align-justify elementor-widget elementor-widget-button\" data-id=\"55e2bcb\" data-element_type=\"widget\" data-e-type=\"widget\" data-widget_type=\"button.default\">\n\t\t\t\t<div class=\"elementor-widget-container\">\n\t\t\t\t\t\t\t\t\t<div class=\"elementor-button-wrapper\">\n\t\t\t\t\t<a class=\"elementor-button elementor-button-link elementor-size-xs\" href=\"\/es\/el-equipo\/abogados\/\">\n\t\t\t\t\t\t<span class=\"elementor-button-content-wrapper\">\n\t\t\t\t\t\t\t\t\t<span class=\"elementor-button-text\">Nuestro personal de apoyo<\/span>\n\t\t\t\t\t<\/span>\n\t\t\t\t\t<\/a>\n\t\t\t\t<\/div>\n\t\t\t\t\t\t\t\t<\/div>\n\t\t\t\t<\/div>\n\t\t\t\t\t<\/div>\n\t\t<\/div>\n\t\t\t\t\t<\/div>\n\t\t<\/section>\n\t\t\t\t\t<\/div>\n\t\t<\/div>\n\t\t\t\t\t<\/div>\n\t\t<\/section>\n\t\t\t\t<\/div>","protected":false},"excerpt":{"rendered":"<p>Maria Pappas-Rajotte Lawyer https:\/\/www.youtube.com\/watch?v=RAsO0T-nAqY&#038;list=PLbTtzkIWedatOCgHKyIkcXlTAzaPdE9cL&#038;index=3 From the heart of California to the halls of academia, Maria has built an impressive career spanning over 30 years in the legal field. With a combination of litigation prowess, academic contributions, and management expertise, her&nbsp;journey reflects the spirit of diligence, integrity, and excellence. After being admitted to the California Bar [&hellip;]<\/p>\n","protected":false},"author":1,"featured_media":0,"parent":0,"menu_order":0,"comment_status":"closed","ping_status":"closed","template":"","meta":{"footnotes":""},"class_list":["post-48129","page","type-page","status-publish","hentry"],"aioseo_notices":[],"aioseo_head":"\n\t\t<!-- All in One SEO Pro 4.9.6.2 - aioseo.com -->\n\t<meta name=\"description\" content=\"Maria Pappas-Rajotte Lawyer From the heart of California to the halls of academia, Maria has built an impressive career spanning over 30 years in the legal field. With a combination of litigation prowess, academic contributions, and management expertise, her journey reflects the spirit of diligence, integrity, and excellence. After being admitted to the California Bar in\" \/>\n\t<meta name=\"robots\" content=\"max-image-preview:large\" \/>\n\t<link rel=\"canonical\" href=\"https:\/\/scrantonlawfirm.com\/es\/maria-pappas\/\" \/>\n\t<meta name=\"generator\" content=\"All in One SEO Pro (AIOSEO) 4.9.6.2\" \/>\n\t\t<meta property=\"og:locale\" content=\"es_MX\" \/>\n\t\t<meta property=\"og:site_name\" content=\"Scranton Law Firm - The Accident Attorneys\" \/>\n\t\t<meta property=\"og:type\" content=\"article\" \/>\n\t\t<meta property=\"og:title\" content=\"Maria Pappas - Scranton Law Firm\" \/>\n\t\t<meta property=\"og:description\" content=\"Maria Pappas-Rajotte Lawyer From the heart of California to the halls of academia, Maria has built an impressive career spanning over 30 years in the legal field. With a combination of litigation prowess, academic contributions, and management expertise, her journey reflects the spirit of diligence, integrity, and excellence. After being admitted to the California Bar in\" \/>\n\t\t<meta property=\"og:url\" content=\"https:\/\/scrantonlawfirm.com\/es\/maria-pappas\/\" \/>\n\t\t<meta property=\"og:image\" content=\"https:\/\/scrantonlawfirm.com\/wp-content\/uploads\/Scranton_Law_Firm_Logo.svg\" \/>\n\t\t<meta property=\"og:image:secure_url\" content=\"https:\/\/scrantonlawfirm.com\/wp-content\/uploads\/Scranton_Law_Firm_Logo.svg\" \/>\n\t\t<meta property=\"article:published_time\" content=\"2023-10-18T15:24:52+00:00\" \/>\n\t\t<meta property=\"article:modified_time\" content=\"2024-01-10T15:03:26+00:00\" \/>\n\t\t<meta property=\"article:publisher\" content=\"https:\/\/www.facebook.com\/scrantonlawfirm\" \/>\n\t\t<meta name=\"twitter:card\" content=\"summary_large_image\" \/>\n\t\t<meta name=\"twitter:site\" content=\"@ScrantonLaw\" \/>\n\t\t<meta name=\"twitter:title\" content=\"Maria Pappas - Scranton Law Firm\" \/>\n\t\t<meta name=\"twitter:description\" content=\"Maria Pappas-Rajotte Lawyer From the heart of California to the halls of academia, Maria has built an impressive career spanning over 30 years in the legal field. With a combination of litigation prowess, academic contributions, and management expertise, her journey reflects the spirit of diligence, integrity, and excellence. After being admitted to the California Bar in\" \/>\n\t\t<meta name=\"twitter:creator\" content=\"@ScrantonLaw\" \/>\n\t\t<meta name=\"twitter:image\" content=\"https:\/\/scrantonlawfirm.com\/wp-content\/uploads\/Scranton_Law_Firm_Logo.svg\" \/>\n\t\t<script type=\"application\/ld+json\" class=\"aioseo-schema\">\n\t\t\t{\"@context\":\"https:\\\/\\\/schema.org\",\"@graph\":[{\"@type\":\"BreadcrumbList\",\"@id\":\"https:\\\/\\\/scrantonlawfirm.com\\\/es\\\/maria-pappas\\\/#breadcrumblist\",\"itemListElement\":[{\"@type\":\"ListItem\",\"@id\":\"https:\\\/\\\/scrantonlawfirm.com\\\/es#listItem\",\"position\":1,\"name\":\"Home\",\"item\":\"https:\\\/\\\/scrantonlawfirm.com\\\/es\",\"nextItem\":{\"@type\":\"ListItem\",\"@id\":\"https:\\\/\\\/scrantonlawfirm.com\\\/es\\\/maria-pappas\\\/#listItem\",\"name\":\"Maria Pappas\"}},{\"@type\":\"ListItem\",\"@id\":\"https:\\\/\\\/scrantonlawfirm.com\\\/es\\\/maria-pappas\\\/#listItem\",\"position\":2,\"name\":\"Maria Pappas\",\"previousItem\":{\"@type\":\"ListItem\",\"@id\":\"https:\\\/\\\/scrantonlawfirm.com\\\/es#listItem\",\"name\":\"Home\"}}]},{\"@type\":\"Organization\",\"@id\":\"https:\\\/\\\/scrantonlawfirm.com\\\/es\\\/#organization\",\"name\":\"The Scranton Law Firm\",\"description\":\"The Accident Attorneys\",\"url\":\"https:\\\/\\\/scrantonlawfirm.com\\\/es\\\/\",\"telephone\":\"+18007070707\",\"logo\":{\"@type\":\"ImageObject\",\"url\":\"http:\\\/\\\/ikz.emg.mybluehost.me\\\/wp-content\\\/uploads\\\/Asset-11.png\",\"@id\":\"https:\\\/\\\/scrantonlawfirm.com\\\/es\\\/maria-pappas\\\/#organizationLogo\"},\"image\":{\"@id\":\"https:\\\/\\\/scrantonlawfirm.com\\\/es\\\/maria-pappas\\\/#organizationLogo\"},\"sameAs\":[\"https:\\\/\\\/www.facebook.com\\\/scrantonlawfirm\",\"https:\\\/\\\/twitter.com\\\/ScrantonLaw\",\"https:\\\/\\\/www.instagram.com\\\/scrantonlawfirm\\\/\",\"https:\\\/\\\/www.pinterest.com\\\/scrantonlaw\\\/\",\"https:\\\/\\\/www.youtube.com\\\/@TheAccidentLawyers\",\"https:\\\/\\\/www.linkedin.com\\\/company\\\/scranton-law-firm\\\/\",\"https:\\\/\\\/www.yelp.com\\\/biz\\\/scranton-law-firm-concord\"]},{\"@type\":\"WebPage\",\"@id\":\"https:\\\/\\\/scrantonlawfirm.com\\\/es\\\/maria-pappas\\\/#webpage\",\"url\":\"https:\\\/\\\/scrantonlawfirm.com\\\/es\\\/maria-pappas\\\/\",\"name\":\"Maria Pappas - Scranton Law Firm\",\"description\":\"Maria Pappas-Rajotte Lawyer From the heart of California to the halls of academia, Maria has built an impressive career spanning over 30 years in the legal field. With a combination of litigation prowess, academic contributions, and management expertise, her journey reflects the spirit of diligence, integrity, and excellence. After being admitted to the California Bar in\",\"inLanguage\":\"es-MX\",\"isPartOf\":{\"@id\":\"https:\\\/\\\/scrantonlawfirm.com\\\/es\\\/#website\"},\"breadcrumb\":{\"@id\":\"https:\\\/\\\/scrantonlawfirm.com\\\/es\\\/maria-pappas\\\/#breadcrumblist\"},\"datePublished\":\"2023-10-18T15:24:52+00:00\",\"dateModified\":\"2024-01-10T15:03:26+00:00\"},{\"@type\":\"WebSite\",\"@id\":\"https:\\\/\\\/scrantonlawfirm.com\\\/es\\\/#website\",\"url\":\"https:\\\/\\\/scrantonlawfirm.com\\\/es\\\/\",\"name\":\"My WordPress\",\"description\":\"The Accident Attorneys\",\"inLanguage\":\"es-MX\",\"publisher\":{\"@id\":\"https:\\\/\\\/scrantonlawfirm.com\\\/es\\\/#organization\"}}]}\n\t\t<\/script>\n\t\t<!-- All in One SEO Pro -->\r\n\t\t<title>Maria Pappas - Scranton Law Firm<\/title>\n\n","aioseo_head_json":{"title":"Maria Pappas - Bufete de Abogados de Scranton","description":"Maria Pappas-Rajotte Lawyer From the heart of California to the halls of academia, Maria has built an impressive career spanning over 30 years in the legal field. With a combination of litigation prowess, academic contributions, and management expertise, her journey reflects the spirit of diligence, integrity, and excellence. After being admitted to the California Bar in","canonical_url":"https:\/\/scrantonlawfirm.com\/es\/maria-pappas\/","robots":"max-image-preview:large","keywords":"","webmasterTools":{"miscellaneous":""},"schema":{"@context":"https:\/\/schema.org","@graph":[{"@type":"BreadcrumbList","@id":"https:\/\/scrantonlawfirm.com\/es\/maria-pappas\/#breadcrumblist","itemListElement":[{"@type":"ListItem","@id":"https:\/\/scrantonlawfirm.com\/es#listItem","position":1,"name":"Home","item":"https:\/\/scrantonlawfirm.com\/es","nextItem":{"@type":"ListItem","@id":"https:\/\/scrantonlawfirm.com\/es\/maria-pappas\/#listItem","name":"Maria Pappas"}},{"@type":"ListItem","@id":"https:\/\/scrantonlawfirm.com\/es\/maria-pappas\/#listItem","position":2,"name":"Maria Pappas","previousItem":{"@type":"ListItem","@id":"https:\/\/scrantonlawfirm.com\/es#listItem","name":"Home"}}]},{"@type":"Organization","@id":"https:\/\/scrantonlawfirm.com\/es\/#organization","name":"The Scranton Law Firm","description":"The Accident Attorneys","url":"https:\/\/scrantonlawfirm.com\/es\/","telephone":"+18007070707","logo":{"@type":"ImageObject","url":"http:\/\/ikz.emg.mybluehost.me\/wp-content\/uploads\/Asset-11.png","@id":"https:\/\/scrantonlawfirm.com\/es\/maria-pappas\/#organizationLogo"},"image":{"@id":"https:\/\/scrantonlawfirm.com\/es\/maria-pappas\/#organizationLogo"},"sameAs":["https:\/\/www.facebook.com\/scrantonlawfirm","https:\/\/twitter.com\/ScrantonLaw","https:\/\/www.instagram.com\/scrantonlawfirm\/","https:\/\/www.pinterest.com\/scrantonlaw\/","https:\/\/www.youtube.com\/@TheAccidentLawyers","https:\/\/www.linkedin.com\/company\/scranton-law-firm\/","https:\/\/www.yelp.com\/biz\/scranton-law-firm-concord"]},{"@type":"WebPage","@id":"https:\/\/scrantonlawfirm.com\/es\/maria-pappas\/#webpage","url":"https:\/\/scrantonlawfirm.com\/es\/maria-pappas\/","name":"Maria Pappas - Scranton Law Firm","description":"Maria Pappas-Rajotte Lawyer From the heart of California to the halls of academia, Maria has built an impressive career spanning over 30 years in the legal field. With a combination of litigation prowess, academic contributions, and management expertise, her journey reflects the spirit of diligence, integrity, and excellence. After being admitted to the California Bar in","inLanguage":"es-MX","isPartOf":{"@id":"https:\/\/scrantonlawfirm.com\/es\/#website"},"breadcrumb":{"@id":"https:\/\/scrantonlawfirm.com\/es\/maria-pappas\/#breadcrumblist"},"datePublished":"2023-10-18T15:24:52+00:00","dateModified":"2024-01-10T15:03:26+00:00"},{"@type":"WebSite","@id":"https:\/\/scrantonlawfirm.com\/es\/#website","url":"https:\/\/scrantonlawfirm.com\/es\/","name":"My WordPress","description":"The Accident Attorneys","inLanguage":"es-MX","publisher":{"@id":"https:\/\/scrantonlawfirm.com\/es\/#organization"}}]},"og:locale":"es_MX","og:site_name":"Scranton Law Firm - The Accident Attorneys","og:type":"article","og:title":"Maria Pappas - Scranton Law Firm","og:description":"Maria Pappas-Rajotte Lawyer From the heart of California to the halls of academia, Maria has built an impressive career spanning over 30 years in the legal field. With a combination of litigation prowess, academic contributions, and management expertise, her journey reflects the spirit of diligence, integrity, and excellence. After being admitted to the California Bar in","og:url":"https:\/\/scrantonlawfirm.com\/es\/maria-pappas\/","og:image":"https:\/\/scrantonlawfirm.com\/wp-content\/uploads\/Scranton_Law_Firm_Logo.svg","og:image:secure_url":"https:\/\/scrantonlawfirm.com\/wp-content\/uploads\/Scranton_Law_Firm_Logo.svg","article:published_time":"2023-10-18T15:24:52+00:00","article:modified_time":"2024-01-10T15:03:26+00:00","article:publisher":"https:\/\/www.facebook.com\/scrantonlawfirm","twitter:card":"summary_large_image","twitter:site":"@ScrantonLaw","twitter:title":"Maria Pappas - Scranton Law Firm","twitter:description":"Maria Pappas-Rajotte Lawyer From the heart of California to the halls of academia, Maria has built an impressive career spanning over 30 years in the legal field. With a combination of litigation prowess, academic contributions, and management expertise, her journey reflects the spirit of diligence, integrity, and excellence. After being admitted to the California Bar in","twitter:creator":"@ScrantonLaw","twitter:image":"https:\/\/scrantonlawfirm.com\/wp-content\/uploads\/Scranton_Law_Firm_Logo.svg"},"aioseo_meta_data":{"post_id":"48129","title":null,"description":null,"keywords":null,"keyphrases":null,"primary_term":null,"canonical_url":null,"og_title":null,"og_description":null,"og_object_type":"default","og_image_type":"default","og_image_url":null,"og_image_width":null,"og_image_height":null,"og_image_custom_url":null,"og_image_custom_fields":null,"og_video":null,"og_custom_url":null,"og_article_section":null,"og_article_tags":null,"twitter_use_og":false,"twitter_card":"default","twitter_image_type":"default","twitter_image_url":null,"twitter_image_custom_url":null,"twitter_image_custom_fields":null,"twitter_title":null,"twitter_description":null,"schema":{"blockGraphs":[],"customGraphs":[],"default":{"data":{"Article":[],"Course":[],"Dataset":[],"FAQPage":[],"Movie":[],"Person":[],"Product":[],"ProductReview":[],"Car":[],"Recipe":[],"Service":[],"SoftwareApplication":[],"WebPage":[]},"graphName":"","isEnabled":true},"graphs":[]},"schema_type":"default","schema_type_options":null,"pillar_content":false,"robots_default":true,"robots_noindex":false,"robots_noarchive":false,"robots_nosnippet":false,"robots_nofollow":false,"robots_noimageindex":false,"robots_noodp":false,"robots_notranslate":false,"robots_max_snippet":null,"robots_max_videopreview":null,"robots_max_imagepreview":"large","priority":null,"frequency":null,"local_seo":null,"seo_analyzer_scan_date":"2025-10-09 02:04:15","breadcrumb_settings":null,"limit_modified_date":false,"open_ai":null,"ai":null,"created":"2023-10-18 15:24:52","updated":"2025-10-22 01:18:22"},"aioseo_breadcrumb":"<div class=\"aioseo-breadcrumbs\"><span class=\"aioseo-breadcrumb\">\n\t<a href=\"https:\/\/scrantonlawfirm.com\/es\" title=\"Home\">Home<\/a>\n<\/span><span class=\"aioseo-breadcrumb-separator\">&raquo;<\/span><span class=\"aioseo-breadcrumb\">\n\tMaria Pappas\n<\/span><\/div>","aioseo_breadcrumb_json":[{"label":"Home","link":"https:\/\/scrantonlawfirm.com\/es"},{"label":"Maria Pappas","link":"https:\/\/scrantonlawfirm.com\/es\/maria-pappas\/"}],"_links":{"self":[{"href":"https:\/\/scrantonlawfirm.com\/es\/wp-json\/wp\/v2\/pages\/48129","targetHints":{"allow":["GET"]}}],"collection":[{"href":"https:\/\/scrantonlawfirm.com\/es\/wp-json\/wp\/v2\/pages"}],"about":[{"href":"https:\/\/scrantonlawfirm.com\/es\/wp-json\/wp\/v2\/types\/page"}],"author":[{"embeddable":true,"href":"https:\/\/scrantonlawfirm.com\/es\/wp-json\/wp\/v2\/users\/1"}],"replies":[{"embeddable":true,"href":"https:\/\/scrantonlawfirm.com\/es\/wp-json\/wp\/v2\/comments?post=48129"}],"version-history":[{"count":21,"href":"https:\/\/scrantonlawfirm.com\/es\/wp-json\/wp\/v2\/pages\/48129\/revisions"}],"predecessor-version":[{"id":53063,"href":"https:\/\/scrantonlawfirm.com\/es\/wp-json\/wp\/v2\/pages\/48129\/revisions\/53063"}],"wp:attachment":[{"href":"https:\/\/scrantonlawfirm.com\/es\/wp-json\/wp\/v2\/media?parent=48129"}],"curies":[{"name":"wp","href":"https:\/\/api.w.org\/{rel}","templated":true}]}}